{"id":69,"date":"2022-03-12T21:12:47","date_gmt":"2022-03-12T18:12:47","guid":{"rendered":"https:\/\/ozellikleri.org\/?page_id=69"},"modified":"2022-05-05T03:01:21","modified_gmt":"2022-05-05T00:01:21","slug":"hizmetler","status":"publish","type":"page","link":"https:\/\/www.yucekalipmakina.com\/en\/hizmetler\/","title":{"rendered":"Services"},"content":{"rendered":"<div data-elementor-type=\"wp-page\" data-elementor-id=\"69\" class=\"elementor elementor-69\">\n\t\t\t\t\t\t\t\t\t<section class=\"elementor-section elementor-top-section elementor-element elementor-element-4ba255af elementor-section-boxed elementor-section-height-default elementor-section-height-default\" data-id=\"4ba255af\" data-element_type=\"section\" data-settings=\"{&quot;background_background&quot;:&quot;classic&quot;}\">\n\t\t\t\t\t\t\t<div class=\"elementor-background-overlay\"><\/div>\n\t\t\t\t\t\t\t<div class=\"elementor-container elementor-column-gap-default\">\n\t\t\t\t\t<div class=\"elementor-column elementor-col-100 elementor-top-column elementor-element elementor-element-2879d043\" data-id=\"2879d043\" data-element_type=\"column\">\n\t\t\t<div class=\"elementor-widget-wrap elementor-element-populated\">\n\t\t\t\t\t\t\t\t<section class=\"elementor-section elementor-inner-section elementor-element elementor-element-40bad4f elementor-section-boxed elementor-section-height-default elementor-section-height-default\" data-id=\"40bad4f\" data-element_type=\"section\" data-settings=\"{&quot;background_background&quot;:&quot;classic&quot;}\">\n\t\t\t\t\t\t<div class=\"elementor-container elementor-column-gap-default\">\n\t\t\t\t\t<div class=\"elementor-column elementor-col-100 elementor-inner-column elementor-element elementor-element-67a0be00\" data-id=\"67a0be00\" data-element_type=\"column\" data-settings=\"{&quot;background_background&quot;:&quot;classic&quot;}\">\n\t\t\t<div class=\"elementor-widget-wrap elementor-element-populated\">\n\t\t\t\t\t\t\t\t<div class=\"elementor-element elementor-element-173de33b elementor-widget elementor-widget-heading\" data-id=\"173de33b\" data-element_type=\"widget\" data-widget_type=\"heading.default\">\n\t\t\t\t<div class=\"elementor-widget-container\">\n\t\t\t<style>\/*! elementor - v3.6.2 - 04-04-2022 *\/\n.elementor-heading-title{padding:0;margin:0;line-height:1}.elementor-widget-heading .elementor-heading-title[class*=elementor-size-]>a{color:inherit;font-size:inherit;line-height:inherit}.elementor-widget-heading .elementor-heading-title.elementor-size-small{font-size:15px}.elementor-widget-heading .elementor-heading-title.elementor-size-medium{font-size:19px}.elementor-widget-heading .elementor-heading-title.elementor-size-large{font-size:29px}.elementor-widget-heading .elementor-heading-title.elementor-size-xl{font-size:39px}.elementor-widget-heading .elementor-heading-title.elementor-size-xxl{font-size:59px}<\/style><h2 class=\"elementor-heading-title elementor-size-default\">Services<\/h2>\t\t<\/div>\n\t\t\t\t<\/div>\n\t\t\t\t\t<\/div>\n\t\t<\/div>\n\t\t\t\t\t\t\t<\/div>\n\t\t<\/section>\n\t\t\t\t\t<\/div>\n\t\t<\/div>\n\t\t\t\t\t\t\t<\/div>\n\t\t<\/section>\n\t\t\t\t<section class=\"elementor-section elementor-top-section elementor-element elementor-element-767dd70e elementor-section-boxed elementor-section-height-default elementor-section-height-default\" data-id=\"767dd70e\" data-element_type=\"section\" data-settings=\"{&quot;background_background&quot;:&quot;classic&quot;}\">\n\t\t\t\t\t\t\t<div class=\"elementor-background-overlay\"><\/div>\n\t\t\t\t\t\t\t<div class=\"elementor-container elementor-column-gap-default\">\n\t\t\t\t\t<div class=\"elementor-column elementor-col-100 elementor-top-column elementor-element elementor-element-1fe7ad61\" data-id=\"1fe7ad61\" data-element_type=\"column\">\n\t\t\t<div class=\"elementor-widget-wrap elementor-element-populated\">\n\t\t\t\t\t\t\t\t<div class=\"elementor-element elementor-element-7044d6b elementor-widget elementor-widget-jkit_heading\" data-id=\"7044d6b\" data-element_type=\"widget\" data-widget_type=\"jkit_heading.default\">\n\t\t\t\t<div class=\"elementor-widget-container\">\n\t\t\t<div  class=\"jeg-elementor-kit jkit-heading  align-center align-tablet- align-mobile- jeg_module___69f9fac6bf629\" ><div class=\"heading-section-title\"><h5 class=\"heading-title\">\u00c7\u00d6Z\u00dcMLER\u0130M\u0130Z \/ H\u0130ZMETLER\u0130M\u0130Z <\/h5><\/div><div class=\"heading-section-separator\"><div class=\"separator-wrapper style-solid\"><\/div><\/div><div class=\"heading-section-description\"><p>We are your solution partner with our wide machine park for your Wire Erosion and Milling works by keeping customer satisfaction in the forefront with our speed and solution-oriented understanding.<\/p><\/div><\/div>\t\t<\/div>\n\t\t\t\t<\/div>\n\t\t\t\t<section class=\"elementor-section elementor-inner-section elementor-element elementor-element-93b1a15 elementor-section-full_width elementor-section-height-default elementor-section-height-default\" data-id=\"93b1a15\" data-element_type=\"section\">\n\t\t\t\t\t\t<div class=\"elementor-container elementor-column-gap-default\">\n\t\t\t\t\t<div class=\"elementor-column elementor-col-50 elementor-inner-column elementor-element elementor-element-c96183d\" data-id=\"c96183d\" data-element_type=\"column\">\n\t\t\t<div class=\"elementor-widget-wrap elementor-element-populated\">\n\t\t\t\t\t\t\t\t<div class=\"elementor-element elementor-element-40492af jkit-equal-height-disable elementor-widget elementor-widget-jkit_icon_box\" data-id=\"40492af\" data-element_type=\"widget\" data-widget_type=\"jkit_icon_box.default\">\n\t\t\t\t<div class=\"elementor-widget-container\">\n\t\t\t<div  class=\"jeg-elementor-kit jkit-icon-box icon-position-top elementor-animation- jeg_module__1_69f9fac6c4675\" ><div class=\"jkit-icon-box-wrapper hover-from-bottom\"><div class=\"icon-box icon-box-header elementor-animation-\"><div class=\"icon style-color\"><img decoding=\"async\" src=\"https:\/\/www.yucekalipmakina.com\/wp-content\/uploads\/2022\/03\/07-Clipers.png\"  alt=\"CNC FREZE \u00c7\u00d6Z\u00dcMLER\u0130\"><\/div><\/div><div class=\"icon-box icon-box-body\">\n                <h3 class=\"title\">CNC MILLING SOLUTIONS<\/h3><p class=\"icon-box-description\">We are your solution partner with our wide machine park for your milling works by prioritizing customer satisfaction with our speed and solution-oriented understanding. <br \/>\nY\u00fcce Kal\u0131p Makina, with its more than 30 years of experience, continues its service with 11 CNC milling machines in the production and revision of various molds, machine parts manufacturing and all other contract works.<br \/>\n<\/p>\n            <\/div>\n            \n            <\/div><\/div>\t\t<\/div>\n\t\t\t\t<\/div>\n\t\t\t\t\t<\/div>\n\t\t<\/div>\n\t\t\t\t<div class=\"elementor-column elementor-col-50 elementor-inner-column elementor-element elementor-element-d0c9791\" data-id=\"d0c9791\" data-element_type=\"column\">\n\t\t\t<div class=\"elementor-widget-wrap elementor-element-populated\">\n\t\t\t\t\t\t\t\t<div class=\"elementor-element elementor-element-1f80777 jkit-equal-height-disable elementor-widget elementor-widget-jkit_icon_box\" data-id=\"1f80777\" data-element_type=\"widget\" data-widget_type=\"jkit_icon_box.default\">\n\t\t\t\t<div class=\"elementor-widget-container\">\n\t\t\t<div  class=\"jeg-elementor-kit jkit-icon-box icon-position-top elementor-animation- jeg_module__2_69f9fac6c7eba\" ><div class=\"jkit-icon-box-wrapper hover-from-bottom\"><div class=\"icon-box icon-box-header elementor-animation-\"><div class=\"icon style-color\"><img decoding=\"async\" src=\"https:\/\/www.yucekalipmakina.com\/wp-content\/uploads\/2022\/03\/07-Clipers.png\"  alt=\"TEL EREZYON  \u00c7\u00d6Z\u00dcMLER\u0130\"><\/div><\/div><div class=\"icon-box icon-box-body\">\n                <h3 class=\"title\">WIRE EROSION SOLUTIONS<\/h3><p class=\"icon-box-description\">Wire Erosion is a cutting method with the help of a wire on which a high-intensity current is passed. All complex, conductive parts, which cannot be processed in traditional production methods such as milling and turning, or which are more costly to process, can be processed with micron precision with this method. It is frequently used in sectors where high precision is required such as healthcare, automotive and aviation. <\/p>\n            <\/div>\n            \n            <\/div><\/div>\t\t<\/div>\n\t\t\t\t<\/div>\n\t\t\t\t\t<\/div>\n\t\t<\/div>\n\t\t\t\t\t\t\t<\/div>\n\t\t<\/section>\n\t\t\t\t<section class=\"elementor-section elementor-inner-section elementor-element elementor-element-3691a0c elementor-section-full_width elementor-section-height-default elementor-section-height-default\" data-id=\"3691a0c\" data-element_type=\"section\">\n\t\t\t\t\t\t<div class=\"elementor-container elementor-column-gap-default\">\n\t\t\t\t\t<div class=\"elementor-column elementor-col-50 elementor-inner-column elementor-element elementor-element-1989f3f\" data-id=\"1989f3f\" data-element_type=\"column\">\n\t\t\t<div class=\"elementor-widget-wrap elementor-element-populated\">\n\t\t\t\t\t\t\t\t<div class=\"elementor-element elementor-element-f24d429 jkit-equal-height-disable elementor-widget elementor-widget-jkit_icon_box\" data-id=\"f24d429\" data-element_type=\"widget\" data-widget_type=\"jkit_icon_box.default\">\n\t\t\t\t<div class=\"elementor-widget-container\">\n\t\t\t<div  class=\"jeg-elementor-kit jkit-icon-box icon-position-top elementor-animation- jeg_module__3_69f9fac6cb6f2\" ><div class=\"jkit-icon-box-wrapper hover-from-bottom\"><div class=\"icon-box icon-box-header elementor-animation-\"><div class=\"icon style-color\"><img decoding=\"async\" src=\"https:\/\/www.yucekalipmakina.com\/wp-content\/uploads\/2022\/03\/07-Clipers.png\"  alt=\"KALIP TASARIMI\"><\/div><\/div><div class=\"icon-box icon-box-body\">\n                <h3 class=\"title\">MOLD DESIGN<\/h3><p class=\"icon-box-description\">Y\u00fcce Kal\u0131p Makina, with its experience of more than 30 years, serves its customers by designing and producing various sheet metal forming molds and injection molds. <br \/>\n<br><br><br><\/p>\n            <\/div>\n            \n            <\/div><\/div>\t\t<\/div>\n\t\t\t\t<\/div>\n\t\t\t\t\t<\/div>\n\t\t<\/div>\n\t\t\t\t<div class=\"elementor-column elementor-col-50 elementor-inner-column elementor-element elementor-element-48a85d4\" data-id=\"48a85d4\" data-element_type=\"column\">\n\t\t\t<div class=\"elementor-widget-wrap elementor-element-populated\">\n\t\t\t\t\t\t\t\t<div class=\"elementor-element elementor-element-554f9ed jkit-equal-height-disable elementor-widget elementor-widget-jkit_icon_box\" data-id=\"554f9ed\" data-element_type=\"widget\" data-widget_type=\"jkit_icon_box.default\">\n\t\t\t\t<div class=\"elementor-widget-container\">\n\t\t\t<div  class=\"jeg-elementor-kit jkit-icon-box icon-position-top elementor-animation- jeg_module__4_69f9fac6ce70c\" ><div class=\"jkit-icon-box-wrapper hover-from-bottom\"><div class=\"icon-box icon-box-header elementor-animation-\"><div class=\"icon style-color\"><img decoding=\"async\" src=\"https:\/\/www.yucekalipmakina.com\/wp-content\/uploads\/2022\/03\/07-Clipers.png\"  alt=\"PROJE Y\u00d6NET\u0130M\u0130\"><\/div><\/div><div class=\"icon-box icon-box-body\">\n                <h3 class=\"title\">PROJECT MANAGEMENT<\/h3><p class=\"icon-box-description\">In mass production, your products that need machining machines or wire erosion, in your project works with volume such as parts of your machines with ready design; We can manage material supply, heat treatment, manufacturing operations and other processes with our experience in project management and our extensive machinery.<\/p>\n            <\/div>\n            \n            <\/div><\/div>\t\t<\/div>\n\t\t\t\t<\/div>\n\t\t\t\t\t<\/div>\n\t\t<\/div>\n\t\t\t\t\t\t\t<\/div>\n\t\t<\/section>\n\t\t\t\t<section class=\"elementor-section elementor-inner-section elementor-element elementor-element-452f2d55 elementor-section-content-bottom elementor-section-boxed elementor-section-height-default elementor-section-height-default\" data-id=\"452f2d55\" data-element_type=\"section\">\n\t\t\t\t\t\t<div class=\"elementor-container elementor-column-gap-no\">\n\t\t\t\t\t<div class=\"elementor-column elementor-col-50 elementor-inner-column elementor-element elementor-element-2cc18e46 animated-slow elementor-invisible\" data-id=\"2cc18e46\" data-element_type=\"column\" data-settings=\"{&quot;animation&quot;:&quot;fadeInRight&quot;,&quot;animation_delay&quot;:80}\">\n\t\t\t<div class=\"elementor-widget-wrap elementor-element-populated\">\n\t\t\t\t\t\t\t\t<div class=\"elementor-element elementor-element-002001f jkit-equal-height-disable elementor-widget elementor-widget-jkit_icon_box\" data-id=\"002001f\" data-element_type=\"widget\" data-widget_type=\"jkit_icon_box.default\">\n\t\t\t\t<div class=\"elementor-widget-container\">\n\t\t\t<div  class=\"jeg-elementor-kit jkit-icon-box icon-position-top elementor-animation- jeg_module__5_69f9fac6d1d72\" ><div class=\"jkit-icon-box-wrapper hover-from-bottom\"><div class=\"icon-box icon-box-header elementor-animation-\"><div class=\"icon style-color\"><img decoding=\"async\" src=\"https:\/\/www.yucekalipmakina.com\/wp-content\/uploads\/2022\/03\/07-Clipers.png\"  alt=\"FASON \u0130\u015eLEME\"><\/div><\/div><div class=\"icon-box icon-box-body\">\n                <h3 class=\"title\">CONTRACTING PROCESS<\/h3><p class=\"icon-box-description\">We are your solution partner with our speed and solution-oriented understanding and wide machine park, keeping satisfaction in the forefront in your contract works. We provide a comprehensive service with our machines such as cnc milling, wire erosion, grinding and fast hole drilling.<\/p>\n            <\/div>\n            \n            <\/div><\/div>\t\t<\/div>\n\t\t\t\t<\/div>\n\t\t\t\t\t<\/div>\n\t\t<\/div>\n\t\t\t\t<div class=\"elementor-column elementor-col-50 elementor-inner-column elementor-element elementor-element-3fb06d20 animated-slow elementor-invisible\" data-id=\"3fb06d20\" data-element_type=\"column\" data-settings=\"{&quot;animation&quot;:&quot;fadeInRight&quot;,&quot;animation_delay&quot;:120}\">\n\t\t\t<div class=\"elementor-widget-wrap elementor-element-populated\">\n\t\t\t\t\t\t\t\t<div class=\"elementor-element elementor-element-3879499 jkit-equal-height-disable elementor-widget elementor-widget-jkit_icon_box\" data-id=\"3879499\" data-element_type=\"widget\" data-widget_type=\"jkit_icon_box.default\">\n\t\t\t\t<div class=\"elementor-widget-container\">\n\t\t\t<div  class=\"jeg-elementor-kit jkit-icon-box icon-position-top elementor-animation- jeg_module__6_69f9fac6d50b4\" ><div class=\"jkit-icon-box-wrapper hover-from-bottom\"><div class=\"icon-box icon-box-header elementor-animation-\"><div class=\"icon style-color\"><img decoding=\"async\" src=\"https:\/\/www.yucekalipmakina.com\/wp-content\/uploads\/2022\/03\/07-Clipers.png\"  alt=\"REV\u0130ZYON\"><\/div><\/div><div class=\"icon-box icon-box-body\">\n                <h3 class=\"title\">REVISION<\/h3><p class=\"icon-box-description\">We carry out the necessary revisions by handling your molds and other works that are worn out, damaged or that you want to change over time, with a speed and solution-oriented approach.<br \/>\n<br><br><\/p>\n            <\/div>\n            \n            <\/div><\/div>\t\t<\/div>\n\t\t\t\t<\/div>\n\t\t\t\t\t<\/div>\n\t\t<\/div>\n\t\t\t\t\t\t\t<\/div>\n\t\t<\/section>\n\t\t\t\t<section class=\"elementor-section elementor-inner-section elementor-element elementor-element-70fcfde3 elementor-section-content-bottom elementor-section-boxed elementor-section-height-default elementor-section-height-default\" data-id=\"70fcfde3\" data-element_type=\"section\">\n\t\t\t\t\t\t<div class=\"elementor-container elementor-column-gap-no\">\n\t\t\t\t\t<div class=\"elementor-column elementor-col-50 elementor-inner-column elementor-element elementor-element-4c676ee2 animated-slow elementor-invisible\" data-id=\"4c676ee2\" data-element_type=\"column\" data-settings=\"{&quot;animation&quot;:&quot;fadeInRight&quot;,&quot;animation_delay&quot;:80}\">\n\t\t\t<div class=\"elementor-widget-wrap elementor-element-populated\">\n\t\t\t\t\t\t\t\t<div class=\"elementor-element elementor-element-123849c jkit-equal-height-disable elementor-widget elementor-widget-jkit_icon_box\" data-id=\"123849c\" data-element_type=\"widget\" data-widget_type=\"jkit_icon_box.default\">\n\t\t\t\t<div class=\"elementor-widget-container\">\n\t\t\t<div  class=\"jeg-elementor-kit jkit-icon-box icon-position-top elementor-animation- jeg_module__7_69f9fac6d8885\" ><div class=\"jkit-icon-box-wrapper hover-from-bottom\"><div class=\"icon-box icon-box-header elementor-animation-\"><div class=\"icon style-color\"><img decoding=\"async\" src=\"https:\/\/www.yucekalipmakina.com\/wp-content\/uploads\/2022\/03\/07-Clipers.png\"  alt=\"APARAT VE F\u0130KST\u00dcR \u00dcRET\u0130M\u0130\"><\/div><\/div><div class=\"icon-box icon-box-body\">\n                <h3 class=\"title\">APPARATUS AND TOOLS PRODUCTION<\/h3><p class=\"icon-box-description\">Fixtures and apparatus are used in industrial processes to position products correctly and hold them in a stable manner. This ensures the continuity of quality while reducing the production cost. Non-standard fixtures and apparatus are specially designed and manufactured for a specific process used in the production area.  <\/p>\n            <\/div>\n            \n            <\/div><\/div>\t\t<\/div>\n\t\t\t\t<\/div>\n\t\t\t\t\t<\/div>\n\t\t<\/div>\n\t\t\t\t<div class=\"elementor-column elementor-col-50 elementor-inner-column elementor-element elementor-element-99d2a5b animated-slow elementor-invisible\" data-id=\"99d2a5b\" data-element_type=\"column\" data-settings=\"{&quot;animation&quot;:&quot;fadeInRight&quot;,&quot;animation_delay&quot;:120}\">\n\t\t\t<div class=\"elementor-widget-wrap elementor-element-populated\">\n\t\t\t\t\t\t\t\t<div class=\"elementor-element elementor-element-d63a8b3 jkit-equal-height-disable elementor-widget elementor-widget-jkit_icon_box\" data-id=\"d63a8b3\" data-element_type=\"widget\" data-widget_type=\"jkit_icon_box.default\">\n\t\t\t\t<div class=\"elementor-widget-container\">\n\t\t\t<div  class=\"jeg-elementor-kit jkit-icon-box icon-position-top elementor-animation- jeg_module__8_69f9fac6db8c8\" ><div class=\"jkit-icon-box-wrapper hover-from-bottom\"><div class=\"icon-box icon-box-header elementor-animation-\"><div class=\"icon style-color\"><img decoding=\"async\" src=\"https:\/\/www.yucekalipmakina.com\/wp-content\/uploads\/2022\/03\/07-Clipers.png\"  alt=\"BASKI H\u0130ZMET\u0130\"><\/div><\/div><div class=\"icon-box icon-box-body\">\n                <h3 class=\"title\">PRINT SERVICE<\/h3><p class=\"icon-box-description\"><br><br><br><br><br><\/p>\n            <\/div>\n            \n            <\/div><\/div>\t\t<\/div>\n\t\t\t\t<\/div>\n\t\t\t\t\t<\/div>\n\t\t<\/div>\n\t\t\t\t\t\t\t<\/div>\n\t\t<\/section>\n\t\t\t\t\t<\/div>\n\t\t<\/div>\n\t\t\t\t\t\t\t<\/div>\n\t\t<\/section>\n\t\t\t\t\t\t\t<\/div>","protected":false},"excerpt":{"rendered":"<p>Hizmetler \u00c7\u00d6Z\u00dcMLER\u0130M\u0130Z \/ H\u0130ZMETLER\u0130M\u0130Z H\u0131z ve \u00e7\u00f6z\u00fcm odakl\u0131 anlay\u0131\u015f\u0131m\u0131z ile m\u00fc\u015fteri memnuniyetini \u00f6n planda tutarak, Tel Erezyon ve Freze i\u015fleriniz i\u00e7in geni\u015f makine parkurumuzla \u00e7\u00f6z\u00fcm orta\u011f\u0131n\u0131z\u0131z. CNC FREZE \u00c7\u00d6Z\u00dcMLER\u0130 H\u0131z ve \u00e7\u00f6z\u00fcm odakl\u0131 anlay\u0131\u015f\u0131m\u0131z ile m\u00fc\u015fteri memnuniyetini \u00f6n planda tutarak, Freze i\u015fleriniz i\u00e7in geni\u015f makine parkurumuzla \u00e7\u00f6z\u00fcm orta\u011f\u0131n\u0131z\u0131z. Y\u00fcce Kal\u0131p Makina, 30 y\u0131l\u0131 a\u015fk\u0131n tecr\u00fcbesiyle [&hellip;]<\/p>","protected":false},"author":1,"featured_media":0,"parent":0,"menu_order":0,"comment_status":"closed","ping_status":"closed","template":"elementor_header_footer","meta":{"footnotes":""},"class_list":["post-69","page","type-page","status-publish","hentry"],"_links":{"self":[{"href":"https:\/\/www.yucekalipmakina.com\/en\/wp-json\/wp\/v2\/pages\/69","targetHints":{"allow":["GET"]}}],"collection":[{"href":"https:\/\/www.yucekalipmakina.com\/en\/wp-json\/wp\/v2\/pages"}],"about":[{"href":"https:\/\/www.yucekalipmakina.com\/en\/wp-json\/wp\/v2\/types\/page"}],"author":[{"embeddable":true,"href":"https:\/\/www.yucekalipmakina.com\/en\/wp-json\/wp\/v2\/users\/1"}],"replies":[{"embeddable":true,"href":"https:\/\/www.yucekalipmakina.com\/en\/wp-json\/wp\/v2\/comments?post=69"}],"version-history":[{"count":12,"href":"https:\/\/www.yucekalipmakina.com\/en\/wp-json\/wp\/v2\/pages\/69\/revisions"}],"predecessor-version":[{"id":527,"href":"https:\/\/www.yucekalipmakina.com\/en\/wp-json\/wp\/v2\/pages\/69\/revisions\/527"}],"wp:attachment":[{"href":"https:\/\/www.yucekalipmakina.com\/en\/wp-json\/wp\/v2\/media?parent=69"}],"curies":[{"name":"wp","href":"https:\/\/api.w.org\/{rel}","templated":true}]}}