{"id":41,"date":"2022-03-12T20:53:29","date_gmt":"2022-03-12T17:53:29","guid":{"rendered":"https:\/\/ozellikleri.org\/?page_id=41"},"modified":"2022-05-05T02:37:44","modified_gmt":"2022-05-04T23:37:44","slug":"hakkimizda","status":"publish","type":"page","link":"https:\/\/www.yucekalipmakina.com\/en\/hakkimizda\/","title":{"rendered":"About Us"},"content":{"rendered":"<div data-elementor-type=\"wp-page\" data-elementor-id=\"41\" class=\"elementor elementor-41\">\n\t\t\t\t\t\t\t\t\t<section class=\"elementor-section elementor-top-section elementor-element elementor-element-17bf62e8 elementor-section-full_width elementor-section-height-default elementor-section-height-default\" data-id=\"17bf62e8\" data-element_type=\"section\" data-settings=\"{&quot;background_background&quot;:&quot;classic&quot;}\">\n\t\t\t\t\t\t\t<div class=\"elementor-background-overlay\"><\/div>\n\t\t\t\t\t\t\t<div class=\"elementor-container elementor-column-gap-default\">\n\t\t\t\t\t<div class=\"elementor-column elementor-col-100 elementor-top-column elementor-element elementor-element-4b2841ff\" data-id=\"4b2841ff\" data-element_type=\"column\">\n\t\t\t<div class=\"elementor-widget-wrap elementor-element-populated\">\n\t\t\t\t\t\t\t\t<section class=\"elementor-section elementor-inner-section elementor-element elementor-element-625fa569 elementor-section-boxed elementor-section-height-default elementor-section-height-default\" data-id=\"625fa569\" data-element_type=\"section\" data-settings=\"{&quot;background_background&quot;:&quot;classic&quot;}\">\n\t\t\t\t\t\t<div class=\"elementor-container elementor-column-gap-default\">\n\t\t\t\t\t<div class=\"elementor-column elementor-col-100 elementor-inner-column elementor-element elementor-element-28317100\" data-id=\"28317100\" data-element_type=\"column\" data-settings=\"{&quot;background_background&quot;:&quot;classic&quot;}\">\n\t\t\t<div class=\"elementor-widget-wrap elementor-element-populated\">\n\t\t\t\t\t\t\t\t<div class=\"elementor-element elementor-element-29b93a6 elementor-widget elementor-widget-heading\" data-id=\"29b93a6\" data-element_type=\"widget\" data-widget_type=\"heading.default\">\n\t\t\t\t<div class=\"elementor-widget-container\">\n\t\t\t<style>\/*! elementor - v3.6.2 - 04-04-2022 *\/\n.elementor-heading-title{padding:0;margin:0;line-height:1}.elementor-widget-heading .elementor-heading-title[class*=elementor-size-]>a{color:inherit;font-size:inherit;line-height:inherit}.elementor-widget-heading .elementor-heading-title.elementor-size-small{font-size:15px}.elementor-widget-heading .elementor-heading-title.elementor-size-medium{font-size:19px}.elementor-widget-heading .elementor-heading-title.elementor-size-large{font-size:29px}.elementor-widget-heading .elementor-heading-title.elementor-size-xl{font-size:39px}.elementor-widget-heading .elementor-heading-title.elementor-size-xxl{font-size:59px}<\/style><h2 class=\"elementor-heading-title elementor-size-default\">About Us<\/h2>\t\t<\/div>\n\t\t\t\t<\/div>\n\t\t\t\t\t<\/div>\n\t\t<\/div>\n\t\t\t\t\t\t\t<\/div>\n\t\t<\/section>\n\t\t\t\t\t<\/div>\n\t\t<\/div>\n\t\t\t\t\t\t\t<\/div>\n\t\t<\/section>\n\t\t\t\t<section class=\"elementor-section elementor-top-section elementor-element elementor-element-44538cc1 elementor-section-boxed elementor-section-height-default elementor-section-height-default\" data-id=\"44538cc1\" data-element_type=\"section\">\n\t\t\t\t\t\t<div class=\"elementor-container elementor-column-gap-default\">\n\t\t\t\t\t<div class=\"elementor-column elementor-col-50 elementor-top-column elementor-element elementor-element-442976f3\" data-id=\"442976f3\" data-element_type=\"column\">\n\t\t\t<div class=\"elementor-widget-wrap elementor-element-populated\">\n\t\t\t\t\t\t\t\t<div class=\"elementor-element elementor-element-c9cc8e2 elementor-widget elementor-widget-image\" data-id=\"c9cc8e2\" data-element_type=\"widget\" data-widget_type=\"image.default\">\n\t\t\t\t<div class=\"elementor-widget-container\">\n\t\t\t<style>\/*! elementor - v3.6.2 - 04-04-2022 *\/\n.elementor-widget-image{text-align:center}.elementor-widget-image a{display:inline-block}.elementor-widget-image a img[src$=\".svg\"]{width:48px}.elementor-widget-image img{vertical-align:middle;display:inline-block}<\/style>\t\t\t\t\t\t\t\t\t\t\t\t<img loading=\"lazy\" decoding=\"async\" width=\"800\" height=\"127\" src=\"https:\/\/www.yucekalipmakina.com\/wp-content\/uploads\/2022\/03\/yuce-kalip-logo-final-02-1024x162.png\" class=\"attachment-large size-large\" alt=\"\" srcset=\"https:\/\/www.yucekalipmakina.com\/wp-content\/uploads\/2022\/03\/yuce-kalip-logo-final-02-1024x162.png 1024w, https:\/\/www.yucekalipmakina.com\/wp-content\/uploads\/2022\/03\/yuce-kalip-logo-final-02-300x47.png 300w, https:\/\/www.yucekalipmakina.com\/wp-content\/uploads\/2022\/03\/yuce-kalip-logo-final-02-768x121.png 768w, https:\/\/www.yucekalipmakina.com\/wp-content\/uploads\/2022\/03\/yuce-kalip-logo-final-02-1536x243.png 1536w, https:\/\/www.yucekalipmakina.com\/wp-content\/uploads\/2022\/03\/yuce-kalip-logo-final-02-2048x323.png 2048w\" sizes=\"auto, (max-width: 800px) 100vw, 800px\" \/>\t\t\t\t\t\t\t\t\t\t\t\t\t\t\t<\/div>\n\t\t\t\t<\/div>\n\t\t\t\t\t<\/div>\n\t\t<\/div>\n\t\t\t\t<div class=\"elementor-column elementor-col-50 elementor-top-column elementor-element elementor-element-23d5ecf5\" data-id=\"23d5ecf5\" data-element_type=\"column\">\n\t\t\t<div class=\"elementor-widget-wrap elementor-element-populated\">\n\t\t\t\t\t\t\t\t<div class=\"elementor-element elementor-element-719a0078 animated-slow elementor-invisible elementor-widget elementor-widget-jkit_heading\" data-id=\"719a0078\" data-element_type=\"widget\" data-settings=\"{&quot;_animation&quot;:&quot;fadeInRight&quot;}\" data-widget_type=\"jkit_heading.default\">\n\t\t\t\t<div class=\"elementor-widget-container\">\n\t\t\t<div  class=\"jeg-elementor-kit jkit-heading  align-left align-tablet- align-mobile- jeg_module___69de25a3d125f\" ><div class=\"heading-section-title\"><h5 class=\"heading-title\">About Us<\/h5><\/div><div class=\"heading-section-separator\"><div class=\"separator-wrapper style-solid\"><\/div><\/div><\/div>\t\t<\/div>\n\t\t\t\t<\/div>\n\t\t\t\t<div class=\"elementor-element elementor-element-74dcd7bf elementor-widget elementor-widget-heading\" data-id=\"74dcd7bf\" data-element_type=\"widget\" data-widget_type=\"heading.default\">\n\t\t\t\t<div class=\"elementor-widget-container\">\n\t\t\t<h2 class=\"elementor-heading-title elementor-size-default\"> Yuce Molding Machine <\/h2>\t\t<\/div>\n\t\t\t\t<\/div>\n\t\t\t\t<div class=\"elementor-element elementor-element-63dd14e9 elementor-widget elementor-widget-text-editor\" data-id=\"63dd14e9\" data-element_type=\"widget\" data-widget_type=\"text-editor.default\">\n\t\t\t\t<div class=\"elementor-widget-container\">\n\t\t\t<style>\/*! elementor - v3.6.2 - 04-04-2022 *\/\n.elementor-widget-text-editor.elementor-drop-cap-view-stacked .elementor-drop-cap{background-color:#818a91;color:#fff}.elementor-widget-text-editor.elementor-drop-cap-view-framed .elementor-drop-cap{color:#818a91;border:3px solid;background-color:transparent}.elementor-widget-text-editor:not(.elementor-drop-cap-view-default) .elementor-drop-cap{margin-top:8px}.elementor-widget-text-editor:not(.elementor-drop-cap-view-default) .elementor-drop-cap-letter{width:1em;height:1em}.elementor-widget-text-editor .elementor-drop-cap{float:left;text-align:center;line-height:1;font-size:50px}.elementor-widget-text-editor .elementor-drop-cap-letter{display:inline-block}<\/style>\t\t\t\t<p>Yuce Mold Machinery; Since its establishment in 2004, it is happy to share its knowledge and experience with its customers. <br>\u201c\u00dcretimde ba\u015far\u0131 ve s\u00fcreklili\u011fin \u015fart\u0131; hizmette d\u00fcr\u00fcstl\u00fck ve kalitedir.\u201d prensibiyle \u00e7al\u0131\u015fan Y\u00fcce Kal\u0131p Makina, 30 y\u0131l\u0131 a\u015fk\u0131n tecr\u00fcbesiyle kesme, s\u0131vama, kal\u0131plar\u0131, enjeksiyon kal\u0131plar\u0131 gibi \u00e7e\u015fitli kal\u0131plar\u0131n \u00fcretiminde, makine par\u00e7a imalat\u0131nda ve fason i\u015fleme konusunda hizmetine devam etmektedir.<br>\u0130stanbul ve Tekirda\u011f \u2018da 2 \u015fubesinde toplam; 11 Cnc Dik \u0130\u015flem Tezgah\u0131, 7 Tel Erozyon Tezgah\u0131 ve Sat\u0131r Ta\u015flama, Delik Delme, Radyal Matkap gibi yard\u0131mc\u0131 tezgahlar\u0131yla s\u00fcrekli ve h\u0131zla de\u011fi\u015fen g\u00fcn\u00fcm\u00fcz d\u00fcnyas\u0131na ayak uydurarak geli\u015fen teknolojiler paralelinde en k\u00fc\u00e7\u00fck at\u00f6lyeden en b\u00fcy\u00fck \u00fcreticiye kadar hizmet vererek T\u00fcrk Sanayisinin b\u00fcy\u00fcmesine destek olma amac\u0131nday\u0131z.<br>Bu nedenle sorumlulu\u011fumuzun b\u00fcy\u00fck oldu\u011funa inan\u0131yor, \u00fcretim teknolojimizi, operasyon anlay\u0131\u015f\u0131m\u0131z\u0131, sistemlerimizi ve hizmet kalitemizi her ge\u00e7en g\u00fcn daha da ileriye ta\u015f\u0131mak i\u00e7in \u00e7aba g\u00f6steriyoruz.&nbsp;<\/p>\t\t\t\t\t\t<\/div>\n\t\t\t\t<\/div>\n\t\t\t\t\t<\/div>\n\t\t<\/div>\n\t\t\t\t\t\t\t<\/div>\n\t\t<\/section>\n\t\t\t\t<section class=\"elementor-section elementor-top-section elementor-element elementor-element-7bc7b23a elementor-section-boxed elementor-section-height-default elementor-section-height-default\" data-id=\"7bc7b23a\" data-element_type=\"section\" data-settings=\"{&quot;background_background&quot;:&quot;classic&quot;}\">\n\t\t\t\t\t\t\t<div class=\"elementor-background-overlay\"><\/div>\n\t\t\t\t\t\t\t<div class=\"elementor-container elementor-column-gap-default\">\n\t\t\t\t\t<div class=\"elementor-column elementor-col-100 elementor-top-column elementor-element elementor-element-5687734e\" data-id=\"5687734e\" data-element_type=\"column\">\n\t\t\t<div class=\"elementor-widget-wrap elementor-element-populated\">\n\t\t\t\t\t\t\t\t<div class=\"elementor-element elementor-element-4c1442b8 elementor-widget elementor-widget-heading\" data-id=\"4c1442b8\" data-element_type=\"widget\" data-widget_type=\"heading.default\">\n\t\t\t\t<div class=\"elementor-widget-container\">\n\t\t\t<h2 class=\"elementor-heading-title elementor-size-default\">Do Not Hesitate To Contact Us If You Have Any Questions!<\/h2>\t\t<\/div>\n\t\t\t\t<\/div>\n\t\t\t\t<div class=\"elementor-element elementor-element-25880808 elementor-position-left elementor-vertical-align-middle elementor-widget__width-auto elementor-view-default elementor-mobile-position-top elementor-widget elementor-widget-icon-box\" data-id=\"25880808\" data-element_type=\"widget\" data-widget_type=\"icon-box.default\">\n\t\t\t\t<div class=\"elementor-widget-container\">\n\t\t\t<link rel=\"stylesheet\" href=\"https:\/\/www.yucekalipmakina.com\/wp-content\/plugins\/elementor\/assets\/css\/widget-icon-box.min.css\">\t\t<div class=\"elementor-icon-box-wrapper\">\n\t\t\t\t\t\t<div class=\"elementor-icon-box-icon\">\n\t\t\t\t<span class=\"elementor-icon elementor-animation-\" >\n\t\t\t\t<i aria-hidden=\"true\" class=\"jki jki-phone1-light\"><\/i>\t\t\t\t<\/span>\n\t\t\t<\/div>\n\t\t\t\t\t\t<div class=\"elementor-icon-box-content\">\n\t\t\t\t<h4 class=\"elementor-icon-box-title\">\n\t\t\t\t\t<span  >\n\t\t\t\t\t\tPhone\t\t\t\t\t<\/span>\n\t\t\t\t<\/h4>\n\t\t\t\t\t\t\t\t\t<p class=\"elementor-icon-box-description\">\n\t\t\t\t\t\t 0 212 671 22 97\t\t\t\t\t<\/p>\n\t\t\t\t\t\t\t<\/div>\n\t\t<\/div>\n\t\t\t\t<\/div>\n\t\t\t\t<\/div>\n\t\t\t\t<div class=\"elementor-element elementor-element-7c5a5926 elementor-position-left elementor-vertical-align-middle elementor-widget__width-auto elementor-view-default elementor-mobile-position-top elementor-widget elementor-widget-icon-box\" data-id=\"7c5a5926\" data-element_type=\"widget\" data-widget_type=\"icon-box.default\">\n\t\t\t\t<div class=\"elementor-widget-container\">\n\t\t\t\t\t<div class=\"elementor-icon-box-wrapper\">\n\t\t\t\t\t\t<div class=\"elementor-icon-box-icon\">\n\t\t\t\t<span class=\"elementor-icon elementor-animation-\" >\n\t\t\t\t<i aria-hidden=\"true\" class=\"jki jki-email1-light\"><\/i>\t\t\t\t<\/span>\n\t\t\t<\/div>\n\t\t\t\t\t\t<div class=\"elementor-icon-box-content\">\n\t\t\t\t<h4 class=\"elementor-icon-box-title\">\n\t\t\t\t\t<span  >\n\t\t\t\t\t\tE-mail\t\t\t\t\t<\/span>\n\t\t\t\t<\/h4>\n\t\t\t\t\t\t\t\t\t<p class=\"elementor-icon-box-description\">\n\t\t\t\t\t\tinfo@yucekalipmakina.com\t\t\t\t\t<\/p>\n\t\t\t\t\t\t\t<\/div>\n\t\t<\/div>\n\t\t\t\t<\/div>\n\t\t\t\t<\/div>\n\t\t\t\t<div class=\"elementor-element elementor-element-2c796868 elementor-align-center elementor-mobile-align-center elementor-widget elementor-widget-button\" data-id=\"2c796868\" data-element_type=\"widget\" data-widget_type=\"button.default\">\n\t\t\t\t<div class=\"elementor-widget-container\">\n\t\t\t\t\t<div class=\"elementor-button-wrapper\">\n\t\t\t<a href=\"https:\/\/www.yucekalipmakina.com\/en\/iletisim\/\" class=\"elementor-button-link elementor-button elementor-size-sm elementor-animation-float\" role=\"button\">\n\t\t\t\t\t\t<span class=\"elementor-button-content-wrapper\">\n\t\t\t\t\t\t<span class=\"elementor-button-text\">Contact Us<\/span>\n\t\t<\/span>\n\t\t\t\t\t<\/a>\n\t\t<\/div>\n\t\t\t\t<\/div>\n\t\t\t\t<\/div>\n\t\t\t\t\t<\/div>\n\t\t<\/div>\n\t\t\t\t\t\t\t<\/div>\n\t\t<\/section>\n\t\t\t\t\t\t\t<\/div>","protected":false},"excerpt":{"rendered":"<p>Hakk\u0131m\u0131zda Hakk\u0131m\u0131zda Y\u00fcce Kal\u0131p Makina Y\u00fcce Kal\u0131p Makina; kuruldu\u011fu 2004 y\u0131l\u0131ndan itibaren bilgi ve tecr\u00fcbesini m\u00fc\u015fterileriyle payla\u015fmaktan mutluluk duyar. \u201c\u00dcretimde ba\u015far\u0131 ve s\u00fcreklili\u011fin \u015fart\u0131; hizmette d\u00fcr\u00fcstl\u00fck ve kalitedir.\u201d prensibiyle \u00e7al\u0131\u015fan Y\u00fcce Kal\u0131p Makina, 30 y\u0131l\u0131 a\u015fk\u0131n tecr\u00fcbesiyle kesme, s\u0131vama, kal\u0131plar\u0131, enjeksiyon kal\u0131plar\u0131 gibi \u00e7e\u015fitli kal\u0131plar\u0131n \u00fcretiminde, makine par\u00e7a imalat\u0131nda ve fason i\u015fleme konusunda hizmetine devam [&hellip;]<\/p>","protected":false},"author":1,"featured_media":0,"parent":0,"menu_order":0,"comment_status":"closed","ping_status":"closed","template":"elementor_header_footer","meta":{"footnotes":""},"class_list":["post-41","page","type-page","status-publish","hentry"],"_links":{"self":[{"href":"https:\/\/www.yucekalipmakina.com\/en\/wp-json\/wp\/v2\/pages\/41","targetHints":{"allow":["GET"]}}],"collection":[{"href":"https:\/\/www.yucekalipmakina.com\/en\/wp-json\/wp\/v2\/pages"}],"about":[{"href":"https:\/\/www.yucekalipmakina.com\/en\/wp-json\/wp\/v2\/types\/page"}],"author":[{"embeddable":true,"href":"https:\/\/www.yucekalipmakina.com\/en\/wp-json\/wp\/v2\/users\/1"}],"replies":[{"embeddable":true,"href":"https:\/\/www.yucekalipmakina.com\/en\/wp-json\/wp\/v2\/comments?post=41"}],"version-history":[{"count":16,"href":"https:\/\/www.yucekalipmakina.com\/en\/wp-json\/wp\/v2\/pages\/41\/revisions"}],"predecessor-version":[{"id":517,"href":"https:\/\/www.yucekalipmakina.com\/en\/wp-json\/wp\/v2\/pages\/41\/revisions\/517"}],"wp:attachment":[{"href":"https:\/\/www.yucekalipmakina.com\/en\/wp-json\/wp\/v2\/media?parent=41"}],"curies":[{"name":"wp","href":"https:\/\/api.w.org\/{rel}","templated":true}]}}