{"id":209,"date":"2022-03-15T14:28:31","date_gmt":"2022-03-15T11:28:31","guid":{"rendered":"https:\/\/ozellikleri.org\/?page_id=209"},"modified":"2022-05-05T14:24:00","modified_gmt":"2022-05-05T11:24:00","slug":"makina-parkuru","status":"publish","type":"page","link":"https:\/\/www.yucekalipmakina.com\/de\/makina-parkuru\/","title":{"rendered":"Maschinenspur"},"content":{"rendered":"<div data-elementor-type=\"wp-page\" data-elementor-id=\"209\" class=\"elementor elementor-209\">\n\t\t\t\t\t\t\t\t\t<section class=\"elementor-section elementor-top-section elementor-element elementor-element-c86cc24 elementor-section-height-min-height elementor-section-content-bottom elementor-section-boxed elementor-section-height-default elementor-section-items-middle\" data-id=\"c86cc24\" data-element_type=\"section\" data-settings=\"{&quot;background_background&quot;:&quot;classic&quot;}\">\n\t\t\t\t\t\t<div class=\"elementor-container elementor-column-gap-default\">\n\t\t\t\t\t<div class=\"elementor-column elementor-col-100 elementor-top-column elementor-element elementor-element-4e42719\" data-id=\"4e42719\" data-element_type=\"column\">\n\t\t\t<div class=\"elementor-widget-wrap\">\n\t\t\t\t\t\t\t\t\t<\/div>\n\t\t<\/div>\n\t\t\t\t\t\t\t<\/div>\n\t\t<\/section>\n\t\t\t\t<section class=\"elementor-section elementor-top-section elementor-element elementor-element-4f27102 elementor-section-boxed elementor-section-height-default elementor-section-height-default\" data-id=\"4f27102\" data-element_type=\"section\" data-settings=\"{&quot;background_background&quot;:&quot;classic&quot;}\">\n\t\t\t\t\t\t<div class=\"elementor-container elementor-column-gap-default\">\n\t\t\t\t\t<div class=\"elementor-column elementor-col-33 elementor-top-column elementor-element elementor-element-2fcdaa4\" data-id=\"2fcdaa4\" data-element_type=\"column\">\n\t\t\t<div class=\"elementor-widget-wrap\">\n\t\t\t\t\t\t\t\t\t<\/div>\n\t\t<\/div>\n\t\t\t\t<div class=\"elementor-column elementor-col-33 elementor-top-column elementor-element elementor-element-68abede\" data-id=\"68abede\" data-element_type=\"column\" data-settings=\"{&quot;background_background&quot;:&quot;classic&quot;}\">\n\t\t\t<div class=\"elementor-widget-wrap elementor-element-populated\">\n\t\t\t\t\t\t\t\t<div class=\"elementor-element elementor-element-89f7d16 elementor-widget elementor-widget-heading\" data-id=\"89f7d16\" data-element_type=\"widget\" data-widget_type=\"heading.default\">\n\t\t\t\t<div class=\"elementor-widget-container\">\n\t\t\t<style>\/*! elementor - v3.6.2 - 04-04-2022 *\/\n.elementor-heading-title{padding:0;margin:0;line-height:1}.elementor-widget-heading .elementor-heading-title[class*=elementor-size-]>a{color:inherit;font-size:inherit;line-height:inherit}.elementor-widget-heading .elementor-heading-title.elementor-size-small{font-size:15px}.elementor-widget-heading .elementor-heading-title.elementor-size-medium{font-size:19px}.elementor-widget-heading .elementor-heading-title.elementor-size-large{font-size:29px}.elementor-widget-heading .elementor-heading-title.elementor-size-xl{font-size:39px}.elementor-widget-heading .elementor-heading-title.elementor-size-xxl{font-size:59px}<\/style><h2 class=\"elementor-heading-title elementor-size-default\">Maschinenspur<\/h2>\t\t<\/div>\n\t\t\t\t<\/div>\n\t\t\t\t\t<\/div>\n\t\t<\/div>\n\t\t\t\t<div class=\"elementor-column elementor-col-33 elementor-top-column elementor-element elementor-element-38ac239\" data-id=\"38ac239\" data-element_type=\"column\">\n\t\t\t<div class=\"elementor-widget-wrap\">\n\t\t\t\t\t\t\t\t\t<\/div>\n\t\t<\/div>\n\t\t\t\t\t\t\t<\/div>\n\t\t<\/section>\n\t\t\t\t<section class=\"elementor-section elementor-top-section elementor-element elementor-element-35716e6 elementor-section-boxed elementor-section-height-default elementor-section-height-default\" data-id=\"35716e6\" data-element_type=\"section\">\n\t\t\t\t\t\t<div class=\"elementor-container elementor-column-gap-default\">\n\t\t\t\t\t<div class=\"elementor-column elementor-col-100 elementor-top-column elementor-element elementor-element-d6e8be8\" data-id=\"d6e8be8\" data-element_type=\"column\">\n\t\t\t<div class=\"elementor-widget-wrap elementor-element-populated\">\n\t\t\t\t\t\t\t\t<div class=\"elementor-element elementor-element-dd19023 elementor-arrows-position-inside elementor-pagination-position-outside elementor-widget elementor-widget-image-carousel\" data-id=\"dd19023\" data-element_type=\"widget\" data-settings=\"{&quot;slides_to_show&quot;:&quot;2&quot;,&quot;navigation&quot;:&quot;both&quot;,&quot;autoplay&quot;:&quot;yes&quot;,&quot;pause_on_hover&quot;:&quot;yes&quot;,&quot;pause_on_interaction&quot;:&quot;yes&quot;,&quot;autoplay_speed&quot;:5000,&quot;infinite&quot;:&quot;yes&quot;,&quot;speed&quot;:500}\" data-widget_type=\"image-carousel.default\">\n\t\t\t\t<div class=\"elementor-widget-container\">\n\t\t\t<style>\/*! elementor - v3.6.2 - 04-04-2022 *\/\n.elementor-widget-image-carousel .swiper-container{position:static}.elementor-widget-image-carousel .swiper-container .swiper-slide figure{line-height:inherit}.elementor-widget-image-carousel .swiper-slide{text-align:center}.elementor-image-carousel-wrapper:not(.swiper-container-initialized) .swiper-slide{max-width:calc(100% \/ var(--e-image-carousel-slides-to-show, 3))}<\/style>\t\t<div class=\"elementor-image-carousel-wrapper swiper-container\" dir=\"ltr\">\n\t\t\t<div class=\"elementor-image-carousel swiper-wrapper\">\n\t\t\t\t\t\t\t\t<div class=\"swiper-slide\"><figure class=\"swiper-slide-inner\"><img decoding=\"async\" class=\"swiper-slide-image\" src=\"https:\/\/www.yucekalipmakina.com\/wp-content\/uploads\/2022\/05\/delik-delme.jpg\" alt=\"delik-delme\" \/><\/figure><\/div><div class=\"swiper-slide\"><figure class=\"swiper-slide-inner\"><img decoding=\"async\" class=\"swiper-slide-image\" src=\"https:\/\/www.yucekalipmakina.com\/wp-content\/uploads\/2022\/05\/MCV-M11.jpg\" alt=\"MCV-M11\" \/><\/figure><\/div><div class=\"swiper-slide\"><figure class=\"swiper-slide-inner\"><img decoding=\"async\" class=\"swiper-slide-image\" src=\"https:\/\/www.yucekalipmakina.com\/wp-content\/uploads\/2022\/05\/SPM-S1060-Tel-Erozyon-Tezgahi.jpg\" alt=\"SPM-S1060-Tel-Erozyon-Tezgahi\" \/><\/figure><\/div><div class=\"swiper-slide\"><figure class=\"swiper-slide-inner\"><img decoding=\"async\" class=\"swiper-slide-image\" src=\"https:\/\/www.yucekalipmakina.com\/wp-content\/uploads\/2022\/05\/YCM-MV-106-A.jpg\" alt=\"YCM MV-106-A\" \/><\/figure><\/div><div class=\"swiper-slide\"><figure class=\"swiper-slide-inner\"><img decoding=\"async\" class=\"swiper-slide-image\" src=\"https:\/\/www.yucekalipmakina.com\/wp-content\/uploads\/2022\/05\/MCV-M5H.jpg\" alt=\"MCV-M5H\" \/><\/figure><\/div>\t\t\t<\/div>\n\t\t\t\t\t\t\t\t\t\t\t\t<div class=\"swiper-pagination\"><\/div>\n\t\t\t\t\t\t\t\t\t\t\t\t\t<div class=\"elementor-swiper-button elementor-swiper-button-prev\">\n\t\t\t\t\t\t<i aria-hidden=\"true\" class=\"eicon-chevron-left\"><\/i>\t\t\t\t\t\t<span class=\"elementor-screen-only\">Zur\u00fcck<\/span>\n\t\t\t\t\t<\/div>\n\t\t\t\t\t<div class=\"elementor-swiper-button elementor-swiper-button-next\">\n\t\t\t\t\t\t<i aria-hidden=\"true\" class=\"eicon-chevron-right\"><\/i>\t\t\t\t\t\t<span class=\"elementor-screen-only\">Weiter<\/span>\n\t\t\t\t\t<\/div>\n\t\t\t\t\t\t\t\t\t<\/div>\n\t\t\t\t<\/div>\n\t\t\t\t<\/div>\n\t\t\t\t\t<\/div>\n\t\t<\/div>\n\t\t\t\t\t\t\t<\/div>\n\t\t<\/section>\n\t\t\t\t<section class=\"elementor-section elementor-top-section elementor-element elementor-element-515e58e elementor-hidden-mobile elementor-section-boxed elementor-section-height-default elementor-section-height-default\" data-id=\"515e58e\" data-element_type=\"section\">\n\t\t\t\t\t\t<div class=\"elementor-container elementor-column-gap-default\">\n\t\t\t\t\t<div class=\"elementor-column elementor-col-100 elementor-top-column elementor-element elementor-element-06c4e03\" data-id=\"06c4e03\" data-element_type=\"column\">\n\t\t\t<div class=\"elementor-widget-wrap elementor-element-populated\">\n\t\t\t\t\t\t\t\t<div class=\"elementor-element elementor-element-2af69ff elementor-widget elementor-widget-text-editor\" data-id=\"2af69ff\" data-element_type=\"widget\" data-widget_type=\"text-editor.default\">\n\t\t\t\t<div class=\"elementor-widget-container\">\n\t\t\t<style>\/*! elementor - v3.6.2 - 04-04-2022 *\/\n.elementor-widget-text-editor.elementor-drop-cap-view-stacked .elementor-drop-cap{background-color:#818a91;color:#fff}.elementor-widget-text-editor.elementor-drop-cap-view-framed .elementor-drop-cap{color:#818a91;border:3px solid;background-color:transparent}.elementor-widget-text-editor:not(.elementor-drop-cap-view-default) .elementor-drop-cap{margin-top:8px}.elementor-widget-text-editor:not(.elementor-drop-cap-view-default) .elementor-drop-cap-letter{width:1em;height:1em}.elementor-widget-text-editor .elementor-drop-cap{float:left;text-align:center;line-height:1;font-size:50px}.elementor-widget-text-editor .elementor-drop-cap-letter{display:inline-block}<\/style>\t\t\t\t<table width=\"1568\"><tbody><tr><td width=\"295\">Maschinenname<\/td><td width=\"295\">Markenmodell<\/td><td width=\"93\">Anzahl der Maschinen<\/td><td width=\"295\">(X*Y*Z) Achsenbewegung<\/td><td width=\"295\">max. St\u00fcckgewicht<\/td><td width=\"295\">Steuerger\u00e4t<\/td><\/tr><tr><td>CNC-BEARBEITUNGSZENTRUM<\/td><td width=\"295\">DELTA SE\u0130K\u0130 &#8211; MCV-M5 H<\/td><td>9<\/td><td>550 X 400 X 500<\/td><td>300 KG<\/td><td>MITSUBISHI M80<\/td><\/tr><tr><td>CNC-BEARBEITUNGSZENTRUM<\/td><td width=\"295\">DELTA SE\u0130K\u0130 &#8211; MCV-M11<\/td><td>1<\/td><td>1100 X 650 X 600<\/td><td>800 KG<\/td><td>MITSUBISHI M80<\/td><\/tr><tr><td>CNC-BEARBEITUNGSZENTRUM<\/td><td width=\"295\">YCM \u2013 MV 106A<\/td><td>1<\/td><td>1000 X 600 X 600<\/td><td>800 KG<\/td><td>FANUC<\/td><\/tr><tr><td>\u00a0<\/td><td width=\"295\">\u00a0<\/td><td>\u00a0<\/td><td>\u00a0<\/td><td>\u00a0<\/td><td>\u00a0<\/td><\/tr><tr><td>DRAHTEROSION<\/td><td width=\"295\">SPM-EZ 30 S<\/td><td>1<\/td><td>650 X 400 X 350<\/td><td>2000 KG<\/td><td>\u00a0<\/td><\/tr><tr><td>DRAHTEROSION<\/td><td width=\"295\">SPM-EZ 10 S<\/td><td>1<\/td><td>350 X 200 X 250<\/td><td>1500 KG<\/td><td>\u00a0<\/td><\/tr><tr><td>DRAHTEROSION<\/td><td width=\"295\">SPM- SP-430P<\/td><td>1<\/td><td>400 X 300 X 250<\/td><td>2000 KG<\/td><td>\u00a0<\/td><\/tr><tr><td>DRAHTEROSION<\/td><td width=\"295\">SPM- SP-740P<\/td><td>1<\/td><td>700 X 400 X 320<\/td><td>2000 KG<\/td><td>\u00a0<\/td><\/tr><tr><td>DRAHTEROSION<\/td><td>SPM- SP-850P<\/td><td>1<\/td><td>\u00a0800 X 500 X 320<\/td><td>2000 KG<\/td><td>\u00a0<\/td><\/tr><tr><td>DRAHTEROSION<\/td><td>SPM- SP-1060N<\/td><td>1<\/td><td>1000 X 600 X 320<\/td><td>2000 KG<\/td><td>\u00a0<\/td><\/tr><tr><td>\u00a0<\/td><td>\u00a0<\/td><td>\u00a0<\/td><td>\u00a0<\/td><td>\u00a0<\/td><td>\u00a0<\/td><\/tr><tr><td>HIZLI DEL\u0130K DELME<\/td><td>\u00a0<\/td><td>1<\/td><td>\u00a0<\/td><td>\u00a0<\/td><td>\u00a0<\/td><\/tr><tr><td>FLACHSCHLEIFEN<\/td><td>\u00a0<\/td><td>1<\/td><td>\u00a0<\/td><td>\u00a0<\/td><td>\u00a0<\/td><\/tr><tr><td>RADIALBOHRER\u00a0<\/td><td>\u00a0<\/td><td>2<\/td><td>\u00a0<\/td><td>\u00a0<\/td><td>\u00a0<\/td><\/tr><\/tbody><\/table>\t\t\t\t\t\t<\/div>\n\t\t\t\t<\/div>\n\t\t\t\t\t<\/div>\n\t\t<\/div>\n\t\t\t\t\t\t\t<\/div>\n\t\t<\/section>\n\t\t\t\t<section class=\"elementor-section elementor-top-section elementor-element elementor-element-520540a elementor-hidden-desktop elementor-hidden-tablet elementor-section-boxed elementor-section-height-default elementor-section-height-default\" data-id=\"520540a\" data-element_type=\"section\">\n\t\t\t\t\t\t<div class=\"elementor-container elementor-column-gap-default\">\n\t\t\t\t\t<div class=\"elementor-column elementor-col-100 elementor-top-column elementor-element elementor-element-3d7bcfa\" data-id=\"3d7bcfa\" data-element_type=\"column\">\n\t\t\t<div class=\"elementor-widget-wrap elementor-element-populated\">\n\t\t\t\t\t\t\t\t<div class=\"elementor-element elementor-element-8ce5b22 elementor-hidden-desktop elementor-hidden-tablet elementor-widget elementor-widget-image\" data-id=\"8ce5b22\" data-element_type=\"widget\" data-widget_type=\"image.default\">\n\t\t\t\t<div class=\"elementor-widget-container\">\n\t\t\t<style>\/*! elementor - v3.6.2 - 04-04-2022 *\/\n.elementor-widget-image{text-align:center}.elementor-widget-image a{display:inline-block}.elementor-widget-image a img[src$=\".svg\"]{width:48px}.elementor-widget-image img{vertical-align:middle;display:inline-block}<\/style>\t\t\t\t\t\t\t\t\t\t\t\t\t<a href=\"https:\/\/www.yucekalipmakina.com\/wp-content\/uploads\/2022\/05\/makina-parkuru.png\" data-elementor-open-lightbox=\"yes\" data-elementor-lightbox-title=\"makina-parkuru\" e-action-hash=\"#elementor-action%3Aaction%3Dlightbox%26settings%3DeyJpZCI6NTY5LCJ1cmwiOiJodHRwczpcL1wvd3d3Lnl1Y2VrYWxpcG1ha2luYS5jb21cL3dwLWNvbnRlbnRcL3VwbG9hZHNcLzIwMjJcLzA1XC9tYWtpbmEtcGFya3VydS5wbmcifQ%3D%3D\">\n\t\t\t\t\t\t\t<img loading=\"lazy\" decoding=\"async\" width=\"1120\" height=\"811\" src=\"https:\/\/www.yucekalipmakina.com\/wp-content\/uploads\/2022\/05\/makina-parkuru.png\" class=\"attachment-full size-full\" alt=\"\" srcset=\"https:\/\/www.yucekalipmakina.com\/wp-content\/uploads\/2022\/05\/makina-parkuru.png 1120w, https:\/\/www.yucekalipmakina.com\/wp-content\/uploads\/2022\/05\/makina-parkuru-300x217.png 300w, https:\/\/www.yucekalipmakina.com\/wp-content\/uploads\/2022\/05\/makina-parkuru-1024x741.png 1024w, https:\/\/www.yucekalipmakina.com\/wp-content\/uploads\/2022\/05\/makina-parkuru-768x556.png 768w, https:\/\/www.yucekalipmakina.com\/wp-content\/uploads\/2022\/05\/makina-parkuru-18x12.png 18w\" sizes=\"auto, (max-width: 1120px) 100vw, 1120px\" \/>\t\t\t\t\t\t\t\t<\/a>\n\t\t\t\t\t\t\t\t\t\t\t\t\t\t\t<\/div>\n\t\t\t\t<\/div>\n\t\t\t\t\t<\/div>\n\t\t<\/div>\n\t\t\t\t\t\t\t<\/div>\n\t\t<\/section>\n\t\t\t\t\t\t\t<\/div>","protected":false},"excerpt":{"rendered":"<p>Makina Parkuru \u00d6nceki Sonraki Makina Ad\u0131 Marka-Model Makine Say\u0131s\u0131 (X*Y*Z) Eksen Hareketi Max. Par\u00e7a A\u011f\u0131rl\u0131\u011f\u0131 Kontrol \u00dcnitesi CNC \u0130\u015eLEME MERKEZ\u0130 DELTA SE\u0130K\u0130 &#8211; MCV-M5 H 9 550 X 400 X 500 300 KG MITSUBISHI M80 CNC \u0130\u015eLEME MERKEZ\u0130 DELTA SE\u0130K\u0130 &#8211; MCV-M11 1 1100 X 650 X 600 800 KG MITSUBISHI M80 CNC \u0130\u015eLEME MERKEZ\u0130 [&hellip;]<\/p>","protected":false},"author":1,"featured_media":0,"parent":0,"menu_order":0,"comment_status":"closed","ping_status":"closed","template":"elementor_header_footer","meta":{"footnotes":""},"class_list":["post-209","page","type-page","status-publish","hentry"],"_links":{"self":[{"href":"https:\/\/www.yucekalipmakina.com\/de\/wp-json\/wp\/v2\/pages\/209","targetHints":{"allow":["GET"]}}],"collection":[{"href":"https:\/\/www.yucekalipmakina.com\/de\/wp-json\/wp\/v2\/pages"}],"about":[{"href":"https:\/\/www.yucekalipmakina.com\/de\/wp-json\/wp\/v2\/types\/page"}],"author":[{"embeddable":true,"href":"https:\/\/www.yucekalipmakina.com\/de\/wp-json\/wp\/v2\/users\/1"}],"replies":[{"embeddable":true,"href":"https:\/\/www.yucekalipmakina.com\/de\/wp-json\/wp\/v2\/comments?post=209"}],"version-history":[{"count":33,"href":"https:\/\/www.yucekalipmakina.com\/de\/wp-json\/wp\/v2\/pages\/209\/revisions"}],"predecessor-version":[{"id":572,"href":"https:\/\/www.yucekalipmakina.com\/de\/wp-json\/wp\/v2\/pages\/209\/revisions\/572"}],"wp:attachment":[{"href":"https:\/\/www.yucekalipmakina.com\/de\/wp-json\/wp\/v2\/media?parent=209"}],"curies":[{"name":"wp","href":"https:\/\/api.w.org\/{rel}","templated":true}]}}